{"id":2518,"date":"2026-04-02T14:28:57","date_gmt":"2026-04-02T11:28:57","guid":{"rendered":"https:\/\/hedonexpress.ro\/vacanta\/cipru\/"},"modified":"2026-05-07T13:28:13","modified_gmt":"2026-05-07T10:28:13","slug":"ciprus","status":"publish","type":"product","link":"https:\/\/hedonexpress.ro\/hu\/nyaralas\/ciprus\/","title":{"rendered":"Ciprus"},"content":{"rendered":"<style>.wp-block-kadence-advancedheading.kt-adv-heading2518_bdb8c5-ad, .wp-block-kadence-advancedheading.kt-adv-heading2518_bdb8c5-ad[data-kb-block=\"kb-adv-heading2518_bdb8c5-ad\"]{font-style:normal;}.wp-block-kadence-advancedheading.kt-adv-heading2518_bdb8c5-ad mark.kt-highlight, .wp-block-kadence-advancedheading.kt-adv-heading2518_bdb8c5-ad[data-kb-block=\"kb-adv-heading2518_bdb8c5-ad\"] mark.kt-highlight{font-style:normal;color:#f76a0c;-webkit-box-decoration-break:clone;box-decoration-break:clone;padding-top:0px;padding-right:0px;padding-bottom:0px;padding-left:0px;}.wp-block-kadence-advancedheading.kt-adv-heading2518_bdb8c5-ad img.kb-inline-image, .wp-block-kadence-advancedheading.kt-adv-heading2518_bdb8c5-ad[data-kb-block=\"kb-adv-heading2518_bdb8c5-ad\"] img.kb-inline-image{width:150px;vertical-align:baseline;}<\/style>\n<h2 class=\"kt-adv-heading2518_bdb8c5-ad wp-block-kadence-advancedheading\" data-kb-block=\"kb-adv-heading2518_bdb8c5-ad\"><strong>Cipru<\/strong>s<\/h2>\n\n\n<style>.wp-block-kadence-advancedheading.kt-adv-heading2518_f7c8ba-00, .wp-block-kadence-advancedheading.kt-adv-heading2518_f7c8ba-00[data-kb-block=\"kb-adv-heading2518_f7c8ba-00\"]{font-style:normal;}.wp-block-kadence-advancedheading.kt-adv-heading2518_f7c8ba-00 mark.kt-highlight, .wp-block-kadence-advancedheading.kt-adv-heading2518_f7c8ba-00[data-kb-block=\"kb-adv-heading2518_f7c8ba-00\"] mark.kt-highlight{font-style:normal;color:#f76a0c;-webkit-box-decoration-break:clone;box-decoration-break:clone;padding-top:0px;padding-right:0px;padding-bottom:0px;padding-left:0px;}.wp-block-kadence-advancedheading.kt-adv-heading2518_f7c8ba-00 img.kb-inline-image, .wp-block-kadence-advancedheading.kt-adv-heading2518_f7c8ba-00[data-kb-block=\"kb-adv-heading2518_f7c8ba-00\"] img.kb-inline-image{width:150px;vertical-align:baseline;}<\/style>\n<p class=\"kt-adv-heading2518_f7c8ba-00 wp-block-kadence-advancedheading\" data-kb-block=\"kb-adv-heading2518_f7c8ba-00\">Utazz vel\u00fcnk \u00e9s t\u00f6lts el 8 nap\/7 \u00e9jszak\u00e1t egy 4**** -os sz\u00e1llod\u00e1ban Cipruson.<br><br>A legszebb ciprusi strandok messze f\u00f6ld\u00f6n h\u00edresek krist\u00e1lytiszta viz\u00fckr\u0151l, t\u00fcrkiz partjukr\u00f3l, v\u00e1ltozatos l\u00e1tv\u00e1nyvil\u00e1gukr\u00f3l, \u00e9s els\u0151 oszt\u00e1ly\u00fa ki\u00e9p\u00edtetts\u00e9g\u00fckr\u0151l. Feh\u00e9r homokkal bor\u00edtott t\u00fcrkiz lag\u00fan\u00e1k \u00e9s b\u00fav\u00e1rkod\u00e1sra is els\u0151 oszt\u00e1ly\u00fa szikla\u00f6bl\u00f6k v\u00e1rnak r\u00e1d Cipruson 2026-ben is, Eur\u00f3pa egyik legszebb strandokkal rendelkez\u0151 mediterr\u00e1n nyaral\u00f3hely\u00e9n.<\/p>\n\n\n<style>.wp-block-kadence-advancedheading.kt-adv-heading2518_c00ca0-5e, .wp-block-kadence-advancedheading.kt-adv-heading2518_c00ca0-5e[data-kb-block=\"kb-adv-heading2518_c00ca0-5e\"]{font-style:normal;}.wp-block-kadence-advancedheading.kt-adv-heading2518_c00ca0-5e mark.kt-highlight, .wp-block-kadence-advancedheading.kt-adv-heading2518_c00ca0-5e[data-kb-block=\"kb-adv-heading2518_c00ca0-5e\"] mark.kt-highlight{font-style:normal;color:#f76a0c;-webkit-box-decoration-break:clone;box-decoration-break:clone;padding-top:0px;padding-right:0px;padding-bottom:0px;padding-left:0px;}.wp-block-kadence-advancedheading.kt-adv-heading2518_c00ca0-5e img.kb-inline-image, .wp-block-kadence-advancedheading.kt-adv-heading2518_c00ca0-5e[data-kb-block=\"kb-adv-heading2518_c00ca0-5e\"] img.kb-inline-image{width:150px;vertical-align:baseline;}<\/style>\n<h2 class=\"kt-adv-heading2518_c00ca0-5e wp-block-kadence-advancedheading\" data-kb-block=\"kb-adv-heading2518_c00ca0-5e\">Elhelyezked\u00e9s<\/h2>\n\n\n\n<p><strong>Ayia Napa<\/strong>-ban, azon bel\u00fcl is <strong>Nissi Beach k\u00f6zel\u00e9ben<\/strong> fekszik .A Nissi Beach, Ciprus egyik legh\u00edresebb, k\u00e9k z\u00e1szl\u00f3val kit\u00fcntetett strandja. A ny\u00fczsg\u0151 \u00fcd\u00fcl\u0151k\u00f6zpont 3 kilom\u00e9terre, sz\u00e1mos b\u00e1r, \u00e9tterem \u00e9s \u00fczlet pedig a hotel k\u00f6zvetlen k\u00f6zel\u00e9ben tal\u00e1lhat\u00f3. A sz\u00e1llod\u00e1t\u00f3l gyalogosan minden el\u00e9rhet\u0151. A csal\u00e1dok \u00e9s p\u00e1rok egy hatalmas, lag\u00fanaszer\u0171 medenc\u00e9ben h\u0171s\u00fclhetnek, amelyhez egy praktikus \u00fasz\u00f3 b\u00e1r is tartozik, valamint a kicsik r\u00e9sz\u00e9re egy gyermekmedence is rendelkez\u00e9sre \u00e1ll.<\/p>\n\n\n<style>.wp-block-kadence-advancedheading.kt-adv-heading2518_ee7429-a9, .wp-block-kadence-advancedheading.kt-adv-heading2518_ee7429-a9[data-kb-block=\"kb-adv-heading2518_ee7429-a9\"]{font-style:normal;}.wp-block-kadence-advancedheading.kt-adv-heading2518_ee7429-a9 mark.kt-highlight, .wp-block-kadence-advancedheading.kt-adv-heading2518_ee7429-a9[data-kb-block=\"kb-adv-heading2518_ee7429-a9\"] mark.kt-highlight{font-style:normal;color:#f76a0c;-webkit-box-decoration-break:clone;box-decoration-break:clone;padding-top:0px;padding-right:0px;padding-bottom:0px;padding-left:0px;}.wp-block-kadence-advancedheading.kt-adv-heading2518_ee7429-a9 img.kb-inline-image, .wp-block-kadence-advancedheading.kt-adv-heading2518_ee7429-a9[data-kb-block=\"kb-adv-heading2518_ee7429-a9\"] img.kb-inline-image{width:150px;vertical-align:baseline;}<\/style>\n<h2 class=\"kt-adv-heading2518_ee7429-a9 wp-block-kadence-advancedheading\" data-kb-block=\"kb-adv-heading2518_ee7429-a9\">Felszerel\u00e9s<\/h2>\n\n\n\n<p>Minden standard szoba egyedi sz\u00ednvil\u00e1g\u00fa, sz\u00e9pen berendezett, egyh\u00e1l\u00f3szob\u00e1s, l\u00e9gkondicion\u00e1lt, f\u00fcrd\u0151szob\u00e1s, hajsz\u00e1r\u00edt\u00f3val, s\u00edkk\u00e9perny\u0151s tv-vel, v\u00edzforral\u00f3val (k\u00e1v\u00e9 \u00e9s teaf\u0151z\u00e9si lehet\u0151s\u00e9g) \u00e9s telefonnal felszerelt. Minden szob\u00e1hoz erk\u00e9ly tartozik sz\u00e1razf\u00f6ldre, oldal tengerre vagy tengerre n\u00e9z\u0151 kil\u00e1t\u00e1ssal. Sz\u00e9f \u00e9s minih\u0171t\u0151 t\u00e9r\u00edt\u00e9s ellen\u00e9ben a helysz\u00ednen b\u00e9relhet\u0151.<\/p>\n\n\n<style>.wp-block-kadence-advancedheading.kt-adv-heading2518_9017df-cd, .wp-block-kadence-advancedheading.kt-adv-heading2518_9017df-cd[data-kb-block=\"kb-adv-heading2518_9017df-cd\"]{font-style:normal;}.wp-block-kadence-advancedheading.kt-adv-heading2518_9017df-cd mark.kt-highlight, .wp-block-kadence-advancedheading.kt-adv-heading2518_9017df-cd[data-kb-block=\"kb-adv-heading2518_9017df-cd\"] mark.kt-highlight{font-style:normal;color:#f76a0c;-webkit-box-decoration-break:clone;box-decoration-break:clone;padding-top:0px;padding-right:0px;padding-bottom:0px;padding-left:0px;}.wp-block-kadence-advancedheading.kt-adv-heading2518_9017df-cd img.kb-inline-image, .wp-block-kadence-advancedheading.kt-adv-heading2518_9017df-cd[data-kb-block=\"kb-adv-heading2518_9017df-cd\"] img.kb-inline-image{width:150px;vertical-align:baseline;}<\/style>\n<h2 class=\"kt-adv-heading2518_9017df-cd wp-block-kadence-advancedheading\" data-kb-block=\"kb-adv-heading2518_9017df-cd\">Szolg\u00e1ltat\u00e1sok<\/h2>\n\n\n\n<p>A sz\u00e1llod\u00e1ban tal\u00e1lhat\u00f3 recepci\u00f3, lift, \u00e9tterem (gyermekeknek b\u00fcf\u00e9sarok), lobby b\u00e1r \u00e9s medence b\u00e1r, csomagszoba, szobaszerv\u00edz, mosoda, aj\u00e1nd\u00e9kbolt, internetez\u00e9si lehet\u0151s\u00e9g (wifi ingyenes), konferencia terem, gyereksarok. Az akt\u00edv pihen\u0151k sz\u00e1m\u00e1ra strandr\u00f6plabda- \u00e9s teniszp\u00e1lya is rendelkez\u00e9s\u00e9re \u00e1ll. De kipr\u00f3b\u00e1lhat extr\u00e9m sportokat is, mint a v\u00edzis\u00ed, a vitorl\u00e1z\u00e1s vagy ak\u00e1r b\u00fav\u00e1rkodhat is. A wellness r\u00e9szlegen h\u00e1rom kezel\u0151szob\u00e1ban (arc-, massz\u00e1zs-, manik\u0171r-pedik\u0171r szoba) pihenhet, sz\u00e9p\u00fclhet, tov\u00e1bb\u00e1 egy fodr\u00e1szszalon, \u00f6lt\u00f6z\u0151k, \u00f6lt\u00f6z\u0151szekr\u00e9nyek, zuhanyz\u00f3k, szauna \u00e9s egy tornaterem is el\u00e9rhet\u0151.<\/p>\n\n\n<style>.wp-block-kadence-advancedheading.kt-adv-heading2518_4fcdb7-17, .wp-block-kadence-advancedheading.kt-adv-heading2518_4fcdb7-17[data-kb-block=\"kb-adv-heading2518_4fcdb7-17\"]{font-style:normal;}.wp-block-kadence-advancedheading.kt-adv-heading2518_4fcdb7-17 mark.kt-highlight, .wp-block-kadence-advancedheading.kt-adv-heading2518_4fcdb7-17[data-kb-block=\"kb-adv-heading2518_4fcdb7-17\"] mark.kt-highlight{font-style:normal;color:#f76a0c;-webkit-box-decoration-break:clone;box-decoration-break:clone;padding-top:0px;padding-right:0px;padding-bottom:0px;padding-left:0px;}.wp-block-kadence-advancedheading.kt-adv-heading2518_4fcdb7-17 img.kb-inline-image, .wp-block-kadence-advancedheading.kt-adv-heading2518_4fcdb7-17[data-kb-block=\"kb-adv-heading2518_4fcdb7-17\"] img.kb-inline-image{width:150px;vertical-align:baseline;}<\/style>\n<h2 class=\"kt-adv-heading2518_4fcdb7-17 wp-block-kadence-advancedheading\" data-kb-block=\"kb-adv-heading2518_4fcdb7-17\">Sport \u00e9s sz\u00f3rakoz\u00e1s<\/h2>\n\n\n\n<p>Sz\u00e9pen gondozott p\u00e1lmaf\u00e1s, \u00e1rny\u00e9kos kert, nagym\u00e9ret\u0171 medence, gyerekmedence, k\u00fclt\u00e9ri pezsg\u0151f\u00fcrd\u0151, nyug\u00e1gyak \u00e9s naperny\u0151k t\u00e9r\u00edt\u00e9smentesen ig\u00e9nybe vehet\u0151k a medence k\u00f6r\u00fcl, strandt\u00f6r\u00fclk\u00f6z\u0151 szerviz (let\u00e9t ellen\u00e9ben), bili\u00e1rd, darts, asztalitenisz, j\u00e1tsz\u00f3t\u00e9r, k\u00f6ly\u00f6kklub. Spa r\u00e9szleg: edz\u0151terem, szauna, g\u0151zszoba, manik\u0171r \u00e9s pedik\u0171r, t\u00f6bbf\u00e9le massz\u00e1zs. F\u0151szezonban anim\u00e1ci\u00f3s programok, vet\u00e9lked\u0151k, zen\u00e9s estek. Egyes szolg\u00e1ltat\u00e1sok el\u00e9rhet\u0151s\u00e9ge szezonhoz, id\u0151j\u00e1r\u00e1shoz vagy t\u00e9r\u00edt\u00e9shez k\u00f6t\u00f6tt. A strand a sz\u00e1lloda kertj\u00e9n kereszt\u00fcl, r\u00f6vid s\u00e9ta\u00fattal \u00e9rhet\u0151 el (150 m). A strandon v\u00edzi sportok sz\u00e9les v\u00e1laszt\u00e9ka (jet-ski, ejt\u0151erny\u0151z\u00e9s, kenu stb).<\/p>\n","protected":false},"excerpt":{"rendered":"<p>Ciprus Utazz vel\u00fcnk \u00e9s t\u00f6lts el 8 nap\/7 \u00e9jszak\u00e1t egy 4**** -os sz\u00e1llod\u00e1ban Cipruson. A legszebb ciprusi strandok messze f\u00f6ld\u00f6n h\u00edresek krist\u00e1lytiszta viz\u00fckr\u0151l, t\u00fcrkiz partjukr\u00f3l, v\u00e1ltozatos l\u00e1tv\u00e1nyvil\u00e1gukr\u00f3l, \u00e9s els\u0151 oszt\u00e1ly\u00fa ki\u00e9p\u00edtetts\u00e9g\u00fckr\u0151l. Feh\u00e9r homokkal bor\u00edtott t\u00fcrkiz lag\u00fan\u00e1k \u00e9s b\u00fav\u00e1rkod\u00e1sra is els\u0151 oszt\u00e1ly\u00fa szikla\u00f6bl\u00f6k v\u00e1rnak r\u00e1d Cipruson 2026-ben is, Eur\u00f3pa egyik legszebb strandokkal rendelkez\u0151 mediterr\u00e1n nyaral\u00f3hely\u00e9n. Elhelyezked\u00e9s&#8230;<\/p>\n","protected":false},"featured_media":2519,"comment_status":"open","ping_status":"closed","template":"","meta":{"_kad_blocks_custom_css":"","_kad_blocks_head_custom_js":"","_kad_blocks_body_custom_js":"","_kad_blocks_footer_custom_js":"","_kadence_starter_templates_imported_post":false,"_kad_post_transparent":"default","_kad_post_title":"","_kad_post_layout":"default","_kad_post_sidebar_id":"","_kad_post_content_style":"default","_kad_post_vertical_padding":"default","_kad_post_feature":"","_kad_post_feature_position":"","_kad_post_header":false,"_kad_post_footer":false,"_kad_post_classname":""},"product_brand":[],"product_cat":[105,106,108,101,107],"product_tag":[113,132,112,111,116,114],"class_list":{"0":"post-2518","1":"product","2":"type-product","3":"status-publish","4":"has-post-thumbnail","6":"product_cat-csaladok","7":"product_cat-barati-tarsasagok","8":"product_cat-idosek","9":"product_cat-ki-utazik","10":"product_cat-tenger-es-strand","11":"product_tag-barati-tarsasagok","12":"product_tag-ciprus","13":"product_tag-csaladok","14":"product_tag-europa","15":"product_tag-seniori","16":"product_tag-tenger-es-strand","18":"first","19":"instock","20":"shipping-taxable","21":"purchasable","22":"product-type-simple","23":"entry","24":"content-bg","25":"loop-entry"},"taxonomy_info":{"product_cat":[{"value":105,"label":"Csal\u00e1dok"},{"value":106,"label":"Bar\u00e1ti t\u00e1rsas\u00e1gok"},{"value":108,"label":"Id\u0151sek"},{"value":101,"label":"Ki utazik"},{"value":107,"label":"Tenger \u00e9s strand"}],"product_tag":[{"value":113,"label":"Bar\u00e1ti t\u00e1rsas\u00e1gok"},{"value":132,"label":"Ciprus"},{"value":112,"label":"Csal\u00e1dok"},{"value":111,"label":"Europa"},{"value":116,"label":"Seniori"},{"value":114,"label":"Tenger \u00e9s strand"}]},"featured_image_src_large":["https:\/\/hedonexpress.ro\/wp-content\/uploads\/2026\/04\/CIPRUS-2026-JUL-1.webp",600,417,false],"author_info":[],"comment_info":0,"_links":{"self":[{"href":"https:\/\/hedonexpress.ro\/hu\/wp-json\/wp\/v2\/product\/2518","targetHints":{"allow":["GET"]}}],"collection":[{"href":"https:\/\/hedonexpress.ro\/hu\/wp-json\/wp\/v2\/product"}],"about":[{"href":"https:\/\/hedonexpress.ro\/hu\/wp-json\/wp\/v2\/types\/product"}],"replies":[{"embeddable":true,"href":"https:\/\/hedonexpress.ro\/hu\/wp-json\/wp\/v2\/comments?post=2518"}],"wp:featuredmedia":[{"embeddable":true,"href":"https:\/\/hedonexpress.ro\/hu\/wp-json\/wp\/v2\/media\/2519"}],"wp:attachment":[{"href":"https:\/\/hedonexpress.ro\/hu\/wp-json\/wp\/v2\/media?parent=2518"}],"wp:term":[{"taxonomy":"product_brand","embeddable":true,"href":"https:\/\/hedonexpress.ro\/hu\/wp-json\/wp\/v2\/product_brand?post=2518"},{"taxonomy":"product_cat","embeddable":true,"href":"https:\/\/hedonexpress.ro\/hu\/wp-json\/wp\/v2\/product_cat?post=2518"},{"taxonomy":"product_tag","embeddable":true,"href":"https:\/\/hedonexpress.ro\/hu\/wp-json\/wp\/v2\/product_tag?post=2518"}],"curies":[{"name":"wp","href":"https:\/\/api.w.org\/{rel}","templated":true}]}}