{"id":2252,"date":"2026-03-17T15:13:53","date_gmt":"2026-03-17T12:13:53","guid":{"rendered":"https:\/\/hedonexpress.ro\/cere-oferta-personalizata\/"},"modified":"2026-04-28T14:16:29","modified_gmt":"2026-04-28T11:16:29","slug":"kerj-szemelyre-szabott-ajanlatot","status":"publish","type":"page","link":"https:\/\/hedonexpress.ro\/hu\/kerj-szemelyre-szabott-ajanlatot\/","title":{"rendered":"K\u00e9rj szem\u00e9lyre szabott aj\u00e1nlatot"},"content":{"rendered":"<style>.kb-row-layout-id1601_267c79-c9 > .kt-row-column-wrap{align-content:start;}:where(.kb-row-layout-id1601_267c79-c9 > .kt-row-column-wrap) > .wp-block-kadence-column{justify-content:start;}.kb-row-layout-id1601_267c79-c9 > .kt-row-column-wrap{column-gap:var(--global-kb-gap-md, 2rem);row-gap:var(--global-kb-gap-md, 2rem);max-width:var( --global-content-width, 1290px );padding-left:var(--global-content-edge-padding);padding-right:var(--global-content-edge-padding);padding-top:var(--global-kb-spacing-sm, 1.5rem);padding-bottom:var(--global-kb-spacing-sm, 1.5rem);grid-template-columns:minmax(0, 1fr);}.kb-row-layout-id1601_267c79-c9 > .kt-row-layout-overlay{opacity:0.30;}@media all and (max-width: 1024px){.kb-row-layout-id1601_267c79-c9 > .kt-row-column-wrap{grid-template-columns:minmax(0, 1fr);}}@media all and (max-width: 767px){.kb-row-layout-id1601_267c79-c9 > .kt-row-column-wrap{grid-template-columns:minmax(0, 1fr);}}<\/style><div class=\"kb-row-layout-wrap kb-row-layout-id1601_267c79-c9 alignnone wp-block-kadence-rowlayout\"><div class=\"kt-row-column-wrap kt-has-1-columns kt-row-layout-equal kt-tab-layout-inherit kt-mobile-layout-row kt-row-valign-top kb-theme-content-width\">\n<style>.kadence-column1601_3368a8-0f > .kt-inside-inner-col,.kadence-column1601_3368a8-0f > .kt-inside-inner-col:before{border-top-left-radius:0px;border-top-right-radius:0px;border-bottom-right-radius:0px;border-bottom-left-radius:0px;}.kadence-column1601_3368a8-0f > .kt-inside-inner-col{column-gap:var(--global-kb-gap-sm, 1rem);}.kadence-column1601_3368a8-0f > .kt-inside-inner-col{flex-direction:column;}.kadence-column1601_3368a8-0f > .kt-inside-inner-col > .aligncenter{width:100%;}.kadence-column1601_3368a8-0f > .kt-inside-inner-col:before{opacity:0.3;}.kadence-column1601_3368a8-0f{position:relative;}@media all and (max-width: 1024px){.kadence-column1601_3368a8-0f > .kt-inside-inner-col{flex-direction:column;justify-content:center;}}@media all and (max-width: 767px){.kadence-column1601_3368a8-0f > .kt-inside-inner-col{flex-direction:column;justify-content:center;}}<\/style>\n<div class=\"wp-block-kadence-column kadence-column1601_3368a8-0f\"><div class=\"kt-inside-inner-col\"><div class=\"dtf-quote\">\n\n    <h1>Solicita oferta<\/h1>\n\n    <!-- Trip Summary -->\n    \n    <!-- Form -->\n    <form id=\"dtf-quote-form\" novalidate>\n        <!-- Hidden fields -->\n        <input type=\"hidden\" name=\"action\" value=\"dtf_submit_quote\">\n        <input type=\"hidden\" name=\"nonce\" value=\"042a536a0f\">\n        <input type=\"hidden\" name=\"product_type\" value=\"\">\n        <input type=\"hidden\" name=\"api_hkey\" value=\"\">\n        <input type=\"hidden\" name=\"hotel_name\" value=\"\">\n        <input type=\"hidden\" name=\"hotel_code\" value=\"\">\n        <input type=\"hidden\" name=\"offer_price\" value=\"0\">\n        <input type=\"hidden\" name=\"total_price\" value=\"0\">\n        <input type=\"hidden\" name=\"offer_date\" value=\"\">\n        <input type=\"hidden\" name=\"offer_duration\" value=\"\">\n        <input type=\"hidden\" name=\"room_type\" value=\"\">\n        <input type=\"hidden\" name=\"board\" value=\"\">\n        <input type=\"hidden\" name=\"departure\" value=\"\">\n        <input type=\"hidden\" name=\"arrival\" value=\"\">\n        <input type=\"hidden\" name=\"adults\" value=\"0\">\n        <input type=\"hidden\" name=\"children\" value=\"0\">\n        <input type=\"hidden\" name=\"destination\" value=\"\">\n        <input type=\"hidden\" name=\"utm_source\" id=\"dtf-utm-source\" value=\"\">\n        <input type=\"hidden\" name=\"utm_medium\" id=\"dtf-utm-medium\" value=\"\">\n        <input type=\"hidden\" name=\"utm_campaign\" id=\"dtf-utm-campaign\" value=\"\">\n\n        <div class=\"dtf-quote__field\">\n            <label for=\"dtf-first-name\">Prenume *<\/label>\n            <input type=\"text\" id=\"dtf-first-name\" name=\"first_name\" required>\n            <div class=\"dtf-quote__error\" data-field=\"first_name\">Prenumele este obligatoriu.<\/div>\n        <\/div>\n\n        <div class=\"dtf-quote__field\">\n            <label for=\"dtf-last-name\">Nume *<\/label>\n            <input type=\"text\" id=\"dtf-last-name\" name=\"last_name\" required>\n            <div class=\"dtf-quote__error\" data-field=\"last_name\">Numele este obligatoriu.<\/div>\n        <\/div>\n\n        <div class=\"dtf-quote__field\">\n            <label for=\"dtf-email\">Email *<\/label>\n            <input type=\"email\" id=\"dtf-email\" name=\"email\" required>\n            <div class=\"dtf-quote__error\" data-field=\"email\">Adresa de email nu este valida.<\/div>\n        <\/div>\n\n        <div class=\"dtf-quote__field\">\n            <label for=\"dtf-phone\">Telefon<\/label>\n            <input type=\"tel\" id=\"dtf-phone\" name=\"phone\">\n        <\/div>\n\n        <div class=\"dtf-quote__field\">\n            <label for=\"dtf-destination-interest\">Destinatie de interes<\/label>\n            <input type=\"text\" id=\"dtf-destination-interest\" name=\"destination_interest\"\n                   value=\"\">\n        <\/div>\n\n        <div class=\"dtf-quote__field\">\n            <label for=\"dtf-message\">Mesaj<\/label>\n            <textarea id=\"dtf-message\" name=\"message\" rows=\"4\"><\/textarea>\n        <\/div>\n\n        <div class=\"dtf-quote__field dtf-quote__field--checkbox\">\n            <label>\n                <input type=\"checkbox\" name=\"gdpr_consented\" id=\"dtf-gdpr\" required value=\"1\">\n                Sunt de acord cu prelucrarea datelor personale conform politicii de confidentialitate. *\n            <\/label>\n            <div class=\"dtf-quote__error\" data-field=\"gdpr_consented\">Trebuie sa acceptati prelucrarea datelor personale.<\/div>\n        <\/div>\n\n        <button type=\"submit\" class=\"dtf-quote__submit\" id=\"dtf-quote-submit\">\n            TRIMITE CEREREA        <\/button>\n\n        <div class=\"dtf-quote__status\" id=\"dtf-quote-status\" style=\"display:none;\"><\/div>\n    <\/form>\n<\/div>\n\n<\/div><\/div>\n\n<\/div><\/div>","protected":false},"excerpt":{"rendered":"","protected":false},"author":1,"featured_media":0,"parent":0,"menu_order":0,"comment_status":"closed","ping_status":"closed","template":"","meta":{"_kad_blocks_custom_css":"","_kad_blocks_head_custom_js":"","_kad_blocks_body_custom_js":"","_kad_blocks_footer_custom_js":"","_kadence_starter_templates_imported_post":false,"_kad_post_transparent":"","_kad_post_title":"","_kad_post_layout":"","_kad_post_sidebar_id":"","_kad_post_content_style":"","_kad_post_vertical_padding":"","_kad_post_feature":"","_kad_post_feature_position":"","_kad_post_header":false,"_kad_post_footer":false,"_kad_post_classname":"","footnotes":""},"class_list":["post-2252","page","type-page","status-publish","hentry"],"taxonomy_info":[],"featured_image_src_large":false,"author_info":{"display_name":"lab36","author_link":"https:\/\/hedonexpress.ro\/hu\/author\/lab36\/"},"comment_info":0,"_links":{"self":[{"href":"https:\/\/hedonexpress.ro\/hu\/wp-json\/wp\/v2\/pages\/2252","targetHints":{"allow":["GET"]}}],"collection":[{"href":"https:\/\/hedonexpress.ro\/hu\/wp-json\/wp\/v2\/pages"}],"about":[{"href":"https:\/\/hedonexpress.ro\/hu\/wp-json\/wp\/v2\/types\/page"}],"author":[{"embeddable":true,"href":"https:\/\/hedonexpress.ro\/hu\/wp-json\/wp\/v2\/users\/1"}],"replies":[{"embeddable":true,"href":"https:\/\/hedonexpress.ro\/hu\/wp-json\/wp\/v2\/comments?post=2252"}],"version-history":[{"count":1,"href":"https:\/\/hedonexpress.ro\/hu\/wp-json\/wp\/v2\/pages\/2252\/revisions"}],"predecessor-version":[{"id":2253,"href":"https:\/\/hedonexpress.ro\/hu\/wp-json\/wp\/v2\/pages\/2252\/revisions\/2253"}],"wp:attachment":[{"href":"https:\/\/hedonexpress.ro\/hu\/wp-json\/wp\/v2\/media?parent=2252"}],"curies":[{"name":"wp","href":"https:\/\/api.w.org\/{rel}","templated":true}]}}